{"id":3,"date":"2023-04-18T09:01:07","date_gmt":"2023-04-18T09:01:07","guid":{"rendered":"https:\/\/pm-seguranca.com\/?page_id=3"},"modified":"2023-06-23T08:35:14","modified_gmt":"2023-06-23T08:35:14","slug":"politica-privacidade","status":"publish","type":"page","link":"https:\/\/pm-seguranca.pt\/index.php\/politica-privacidade\/","title":{"rendered":"Pol\u00edtica de privacidade"},"content":{"rendered":"\r\n<h2 class=\"wp-block-heading\"><\/h2>\r\n<h2 class=\"wp-block-heading\">POL\u00cdTICA DE PRIVACIDADE SOBRE A UTILIZA\u00c7\u00c3O DA WEB<\/h2>\r\n<p>A PROTEC\u00c7\u00c3O MUNDIAL &#8211; SEGURAN\u00c7A PRIVADA, LDA., tem como objetivo o rigoroso cumprimento das normas aplic\u00e1veis e, por isso, assinala como um elemento fundamental, a sua correta adequa\u00e7\u00e3o \u00e0s normas de prote\u00e7\u00e3o de dados pessoais. Por este motivo e em conformidade com o Regulamento (UE) 2016\/679 do Parlamento Europeu e do Conselho, de 27 de abril de 2016, relativo \u00e0 prote\u00e7\u00e3o das pessoas singulares no que diz respeito ao tratamento de dados pessoais e \u00e0 livre circula\u00e7\u00e3o desses dados, que revoga a Diretiva 95\/46\/CE (Regulamento Geral sobre a Prote\u00e7\u00e3o de Dados, ou, doravante, \u201cRGPD\u201d), bem como das normas de desenvolvimento do mesmo, queremos informar sobre alguns aspetos relacionados com o tratamento dos seus dados pessoais, que efetuamos como consequ\u00eancia da sua navega\u00e7\u00e3o pela nossa p\u00e1gina web, assim como os direitos de que disp\u00f5e.<\/p>\r\n<h2>1) Quem \u00e9 o respons\u00e1vel pelo tratamento dos seus dados pessoais?<\/h2>\r\n<p>O respons\u00e1vel \u00e9 a sociedade PROTEC\u00c7\u00c3O MUNDIAL &#8211; SEGURAN\u00c7A PRIVADA, LDA.\u201d, (doravante, PROTEC\u00c7\u00c3O MUNDIAL), registada na Conservat\u00f3ria do Registo Comercial sob o n\u00famero \u00fanico de matr\u00edcula e pessoa coletiva (NIPC) 514353511, com sede social em Rua das Eiras N\u00ba55 Loja C 2725-297 Mem Martins, Portugal. Para o devido cumprimento das normas de prote\u00e7\u00e3o de dados pessoais, nome\u00e1mos um Encarregado da Prote\u00e7\u00e3o de Dados (EPD ou DPO), que realiza estas fun\u00e7\u00f5es dentro da PROTEC\u00c7\u00c3O MUNDIAL. Pode contact\u00e1-lo atrav\u00e9s do endere\u00e7o de correio eletr\u00f3nico <a href=\"mailto:geral@pm-seguranca.pt\" target=\"_blank\" rel=\"noopener noreferrer\">geral@pm-seguranca.pt<\/a>. Como obtivemos os seus dados pessoais?<\/p>\r\n<p>Os dados pessoais que tratamos na PROTEC\u00c7\u00c3O MUNDIAL foram obtidos diretamente de si, atrav\u00e9s dos v\u00e1rios formul\u00e1rios que preencheu durante a navega\u00e7\u00e3o pela nossa p\u00e1gina web, nomeadamente o pedido de informa\u00e7\u00e3o e\/ou o contacto com algum dos nossos agentes comerciais, entre outros.<\/p>\r\n<h2>2) Com que finalidade tratamos os dados pessoais e qual \u00e9 a nossa legitimidade?<\/h2>\r\n<p>O tratamento, de acordo com as normas aplic\u00e1veis, tem como base o seu expresso consentimento, concedido no momento da recolha dos seus dados pessoais, que nos forneceu voluntariamente atrav\u00e9s dos mecanismos dispon\u00edveis na nossa web.<\/p>\r\n<p>O tratamento dos seus dados pessoais tem as seguintes finalidades:<\/p>\r\n<p>Poder oferecer-lhe produtos e promo\u00e7\u00f5es do seu interesse, atrav\u00e9s de comunica\u00e7\u00f5es de car\u00e1ter comercial com base nas suas necessidades, quando isso nos seja solicitado por si atrav\u00e9s dos mecanismos indicados. Utilizar os seus dados com fins estat\u00edsticos, para melhorar as ofertas dos nossos produtos e servi\u00e7os e poder conhecer melhor as necessidades dos nossos potenciais clientes.<\/p>\r\n<p>Estas comunica\u00e7\u00f5es ser\u00e3o realizadas atrav\u00e9s dos v\u00e1rios canais que a PROTEC\u00c7\u00c3O MUNDIAL disponibiliza para esse fim, nomeadamente o canal telef\u00f3nico, email, SMS\/MMS ou aplica\u00e7\u00f5es de mensagens instant\u00e2neas (caso seja realizada alguma comunica\u00e7\u00e3o atrav\u00e9s deste \u00faltimo meio, tal pode implicar a realiza\u00e7\u00e3o de Transfer\u00eancias Internacionais dos seus Dados, que ser\u00e3o realizadas com as devidas garantias, para assegurar a prote\u00e7\u00e3o dos mesmos). Lembramos que pode, a qualquer momento, revogar o seu consentimento livremente, e de forma gratuita, dirigindo-se aos pontos de contacto antes indicados.<\/p>\r\n<h2>3) Que tipo de dados pessoais tratamos?<\/h2>\r\n<p>Os dados pessoais que tratamos na PROTEC\u00c7\u00c3O MUNDIAL s\u00e3o os que nos forneceu atrav\u00e9s dos formul\u00e1rios ou comunica\u00e7\u00f5es utilizados para formalizar o nosso contacto consigo. Estes dados pessoais podem ser, entre outros, o seu nome, apelidos, n\u00famero de cart\u00e3o de cidad\u00e3o, morada ou email de contacto.<\/p>\r\n<h2>4) A quem comunicamos os seus dados pessoais?<\/h2>\r\n<p>Os seus dados pessoais n\u00e3o s\u00e3o objeto de comunica\u00e7\u00e3o a empresas terceiras, salvo aquelas que prestam servi\u00e7os \u00e0 PROTEC\u00c7\u00c3O MUNDIAL para a correta execu\u00e7\u00e3o dos servi\u00e7os que necessite, sempre sob as nossas expressas instru\u00e7\u00f5es. Do mesmo modo, n\u00e3o est\u00e1 previsto que sejam realizadas Transfer\u00eancias Internacionais dos seus Dados, salvo na hip\u00f3tese indicada supra.<\/p>\r\n<h2>5) Durante quanto tempo conservamos os seus dados pessoais?<\/h2>\r\n<p>Os dados pessoais ser\u00e3o conservados desde que n\u00e3o revogue o seu consentimento a este tratamento. Em qualquer caso, informamos que a PROTEC\u00c7\u00c3O MUNDIAL tem pol\u00edticas internas de conserva\u00e7\u00e3o de dados pessoais, destinadas a controlar os prazos de conserva\u00e7\u00e3o dos dados pessoais que possui.<\/p>\r\n<h2>6) Quais s\u00e3o os seus direitos?<\/h2>\r\n<p>As normas legais de prote\u00e7\u00e3o de dados pessoais conferem-lhe v\u00e1rios direitos relacionados com os seus dados pessoais e que poder\u00e1 exercer durante o tratamento dos mesmos. Estes direitos s\u00e3o os indicados a seguir:<\/p>\r\n<p>&nbsp;<\/p>\r\n<ul>\r\n<li>Direito de acesso: Saber que tipo de dados estamos a tratar e as caracter\u00edsticas do tratamento a que os mesmos s\u00e3o sujeitos.<\/li>\r\n<li>Direito de retifica\u00e7\u00e3o: Poder requerer a altera\u00e7\u00e3o dos seus dados por estes serem incorretos ou estarem desatualizados.<\/li>\r\n<li>Direito de portabilidade: Poder obter uma c\u00f3pia num formato interoperacional dos dados que est\u00e3o a ser tratados, com o objetivo de os fornecer a outro Respons\u00e1vel pelo tratamento.<\/li>\r\n<li>Direito \u00e0 limita\u00e7\u00e3o do tratamento: Permite-lhe limitar o tratamento dos seus dados, sempre que este pedido se encontre compreendido nos casos estabelecidos nas normas aplic\u00e1veis.<\/li>\r\n<li>Direito de cancelamento\/apagamento: Solicitar a supress\u00e3o dos seus dados quando o tratamento j\u00e1 n\u00e3o for necess\u00e1rio.<\/li>\r\n<li>Direito de oposi\u00e7\u00e3o: Solicitar o fim do envio de comunica\u00e7\u00f5es comerciais nos termos supra indicados.<\/li>\r\n<li>Direito de apresentar uma reclama\u00e7\u00e3o perante a autoridade de controlo; em Portugal, esta entidade \u00e9 a Comiss\u00e3o Nacional de Prote\u00e7\u00e3o de Dados (ou CNPD).<\/li>\r\n<\/ul>\r\n<h2>7) Pol\u00edtica de COOKIES<\/h2>\r\n<h3 id=\"cookie-policy-title\" class=\"ot-sdk-cookie-policy-title\">Acerca dos cookies<\/h3>\r\n<div id=\"cookie-policy-description\">Quando visita qualquer website as informa\u00e7\u00f5es podem ser armazenadas ou recuperadas pelo seu browser, principalmente sob a forma de cookies. Esta informa\u00e7\u00e3o pode ser sobre si, sobre as suas prefer\u00eancias ou sobre o seu dispositivo. A informa\u00e7\u00e3o pode ainda ser utilizada para permitir que o site apresente um funcionamento de acordo com o esperado. A informa\u00e7\u00e3o geralmente n\u00e3o o identifica diretamente, mas pode proporcionar-lhe uma experi\u00eancia on-line mais ajustada \u00e0s suas prefer\u00eancias (personalizada). Porque nos preocupamos com a sua privacidade, informamos que pode optar por n\u00e3o permitir certos tipos de cookies. Clique nos t\u00edtulos das categorias individuais para saber mais e alterar as suas configura\u00e7\u00f5es predefinidas. Tenha em considera\u00e7\u00e3o que ao bloquear certos tipos de cookies pode afetar a sua experi\u00eancia no website e os servi\u00e7os que podemos oferecer.<\/div>\r\n<section>\r\n<h4 class=\"ot-sdk-cookie-policy-group\">Cookies estritamente necess\u00e1rios<\/h4>\r\n<p class=\"ot-sdk-cookie-policy-group-desc\">Estes cookies s\u00e3o necess\u00e1rios para que o website funcione e n\u00e3o podem ser desligados nos nossos sistemas. Normalmente, eles s\u00f3 s\u00e3o configurados em resposta a a\u00e7\u00f5es levadas a cabo por si e que correspondem a uma solicita\u00e7\u00e3o de servi\u00e7os, tais como definir as suas prefer\u00eancias de privacidade, iniciar sess\u00e3o ou preencher formul\u00e1rios. Pode configurar o seu navegador para bloquear ou alert\u00e1-lo(a) sobre esses cookies, mas algumas partes do website n\u00e3o funcionar\u00e3o. Estes cookies n\u00e3o armazenam qualquer informa\u00e7\u00e3o pessoal identific\u00e1vel.<\/p>\r\n<\/section>\r\n","protected":false},"excerpt":{"rendered":"<p>POL\u00cdTICA DE PRIVACIDADE SOBRE A UTILIZA\u00c7\u00c3O DA WEB A PROTEC\u00c7\u00c3O MUNDIAL &#8211; SEGURAN\u00c7A PRIVADA, LDA., tem como objetivo o rigoroso cumprimento das normas aplic\u00e1veis e, por isso, assinala como um elemento fundamental, a sua correta adequa\u00e7\u00e3o \u00e0s normas de prote\u00e7\u00e3o de dados pessoais. Por este motivo e em conformidade com o Regulamento (UE) 2016\/679 do [&hellip;]<\/p>\n","protected":false},"author":1,"featured_media":0,"parent":0,"menu_order":0,"comment_status":"closed","ping_status":"open","template":"","meta":[],"_links":{"self":[{"href":"https:\/\/pm-seguranca.pt\/index.php\/wp-json\/wp\/v2\/pages\/3"}],"collection":[{"href":"https:\/\/pm-seguranca.pt\/index.php\/wp-json\/wp\/v2\/pages"}],"about":[{"href":"https:\/\/pm-seguranca.pt\/index.php\/wp-json\/wp\/v2\/types\/page"}],"author":[{"embeddable":true,"href":"https:\/\/pm-seguranca.pt\/index.php\/wp-json\/wp\/v2\/users\/1"}],"replies":[{"embeddable":true,"href":"https:\/\/pm-seguranca.pt\/index.php\/wp-json\/wp\/v2\/comments?post=3"}],"version-history":[{"count":2,"href":"https:\/\/pm-seguranca.pt\/index.php\/wp-json\/wp\/v2\/pages\/3\/revisions"}],"predecessor-version":[{"id":290,"href":"https:\/\/pm-seguranca.pt\/index.php\/wp-json\/wp\/v2\/pages\/3\/revisions\/290"}],"wp:attachment":[{"href":"https:\/\/pm-seguranca.pt\/index.php\/wp-json\/wp\/v2\/media?parent=3"}],"curies":[{"name":"wp","href":"https:\/\/api.w.org\/{rel}","templated":true}]}}